{"id":242051,"date":"2024-07-24T18:10:45","date_gmt":"2024-07-24T18:10:45","guid":{"rendered":"https:\/\/citytourgame.com\/inscription\/"},"modified":"2025-03-10T18:50:17","modified_gmt":"2025-03-10T18:50:17","slug":"registration","status":"publish","type":"page","link":"https:\/\/citytourgame.com\/en\/registration\/","title":{"rendered":"inscription"},"content":{"rendered":"<p>[et_pb_section fb_built=&#8221;1&#8243; _builder_version=&#8221;4.26.0&#8243; _module_preset=&#8221;default&#8221; custom_margin=&#8221;60px||||false|false&#8221; global_colors_info=&#8221;{}&#8221;][et_pb_row column_structure=&#8221;1_2,1_2&#8243; _builder_version=&#8221;4.25.0&#8243; _module_preset=&#8221;default&#8221; global_colors_info=&#8221;{}&#8221;][et_pb_column type=&#8221;1_2&#8243; _builder_version=&#8221;4.25.0&#8243; _module_preset=&#8221;default&#8221; global_colors_info=&#8221;{}&#8221;][et_pb_text _builder_version=&#8221;4.25.0&#8243; _module_preset=&#8221;default&#8221; custom_margin=&#8221;35px||||false|false&#8221; global_colors_info=&#8221;{}&#8221;]<\/p>\n<p><strong><div id=\"wpmem_reg\"><a id=\"register\"><\/a><form name=\"form\" method=\"post\" action=\"https:\/\/citytourgame.com\/en\/registration\/\" id=\"wpmem_register_form\" class=\"form\"><input type=\"hidden\" id=\"_wpmem_register_nonce\" name=\"_wpmem_register_nonce\" value=\"a4d3f61f58\" \/><input type=\"hidden\" name=\"_wp_http_referer\" value=\"\/en\/wp-json\/wp\/v2\/pages\/242051\" \/><fieldset><legend>New User Registration<\/legend><label for=\"username\" class=\"text\">Pseudo<span class=\"req\">*<\/span><\/label><div class=\"div_text\"><input name=\"username\" type=\"text\" id=\"username\" value=\"\" class=\"textbox\" required  \/><\/div><label for=\"first_name\" class=\"text\">First Name<\/label><div class=\"div_text\"><input name=\"first_name\" type=\"text\" id=\"first_name\" value=\"\" class=\"textbox\" \/><\/div><label for=\"user_email\" class=\"text\">Email<span class=\"req\">*<\/span><\/label><div class=\"div_text\"><input name=\"user_email\" type=\"email\" id=\"user_email\" value=\"\" class=\"textbox\" required  \/><\/div><label for=\"billing_city\" class=\"text\">City<\/label><div class=\"div_text\"><input name=\"billing_city\" type=\"text\" id=\"billing_city\" value=\"\" class=\"textbox\" \/><\/div><label for=\"billing_country\" class=\"text\">Country<span class=\"req\">*<\/span><\/label><div class=\"div_text\"><input name=\"billing_country\" type=\"text\" id=\"billing_country\" value=\"\" class=\"textbox\" required  \/><\/div><label for=\"billing_phone\" class=\"text\">Day Phone<\/label><div class=\"div_text\"><input name=\"billing_phone\" type=\"text\" id=\"billing_phone\" value=\"\" class=\"textbox\" \/><\/div><label for=\"password\" class=\"text\">Password<span class=\"req\">*<\/span><\/label><div class=\"div_text\"><input name=\"password\" type=\"password\" id=\"password\" class=\"textbox\" required  \/><\/div><label for=\"confirm_password\" class=\"text\">Confirm Password<span class=\"req\">*<\/span><\/label><div class=\"div_text\"><input name=\"confirm_password\" type=\"password\" id=\"confirm_password\" class=\"textbox\" required  \/><\/div><div class=\"div_text\"><input name=\"tos\" type=\"checkbox\" id=\"tos\" value=\"agree\" required  \/> <a href=\"#\" onClick=\"window.open('\/en\/wp-json\/wp\/v2\/pages\/242051?tos=display','tos');\">J'accepte les conditions g\u00e9n\u00e9rales et la d\u00e9claration de confidentialit\u00e9<\/a><span class=\"req\">*<\/span><\/div><script src=\"https:\/\/www.google.com\/recaptcha\/api.js?render=6Leg1vYpAAAAAFRwl4HAOjpq36BUUTF1Kha_H1YW\"><\/script><script>grecaptcha.ready(function () {grecaptcha.execute('6Leg1vYpAAAAAFRwl4HAOjpq36BUUTF1Kha_H1YW', { action: 'contact' }).then(function (token) {var recaptchaResponse = document.getElementById('recaptchaResponse');recaptchaResponse.value = token;});});<\/script><input type=\"hidden\" name=\"recaptcha_response\" id=\"recaptchaResponse\"><input name=\"a\" type=\"hidden\" value=\"register\" \/><input name=\"wpmem_reg_page\" type=\"hidden\" value=\"https:\/\/citytourgame.com\/en\/registration\/\" \/><div class=\"button_div\"><input name=\"submit\" type=\"submit\" value=\"Register\" class=\"buttons\" \/><\/div><div class=\"req-text\"><span class=\"req\">*<\/span>Required field<\/div><\/fieldset><\/form><\/div><\/strong><\/p>\n<p>[\/et_pb_text][\/et_pb_column][et_pb_column type=&#8221;1_2&#8243; _builder_version=&#8221;4.25.2&#8243; _module_preset=&#8221;default&#8221; global_colors_info=&#8221;{}&#8221;][et_pb_image src=&#8221;https:\/\/citytourgame.com\/wp-content\/uploads\/2024\/07\/marcel-ici.png&#8221; title_text=&#8221;marcel ici&#8221; _builder_version=&#8221;4.26.0&#8243; _module_preset=&#8221;default&#8221; width=&#8221;45%&#8221; global_colors_info=&#8221;{}&#8221;][\/et_pb_image][\/et_pb_column][\/et_pb_row][et_pb_row _builder_version=&#8221;4.26.0&#8243; _module_preset=&#8221;default&#8221; global_colors_info=&#8221;{}&#8221;][et_pb_column type=&#8221;4_4&#8243; _builder_version=&#8221;4.26.0&#8243; _module_preset=&#8221;default&#8221; global_colors_info=&#8221;{}&#8221;][et_pb_button button_url=&#8221;https:\/\/citytourgame.com\/reserver-2\/&#8221; button_text=&#8221;I book my Pass&#8221; button_alignment=&#8221;center&#8221; _builder_version=&#8221;4.26.0&#8243; _module_preset=&#8221;default&#8221; custom_button=&#8221;on&#8221; button_text_color=&#8221;#F0B800&#8243; button_bg_color=&#8221;#2f5496&#8243; button_border_color=&#8221;#2f5496&#8243; button_border_radius=&#8221;20px&#8221; button_letter_spacing=&#8221;2px&#8221; display_conditions=&#8221;W3siaWQiOiI2MzM2YzdkOC1kYmEwLTQyY2MtYjU3OC1kMjE1YzUxM2I4ZGUiLCJjb25kaXRpb24iOiJsb2dnZWRJblN0YXR1cyIsImNvbmRpdGlvblNldHRpbmdzIjp7ImRpc3BsYXlSdWxlIjoibG9nZ2VkSW4iLCJhZG1pbkxhYmVsIjoiTG9nZ2VkIEluIFN0YXR1cyIsImVuYWJsZUNvbmRpdGlvbiI6Im9uIn0sIm9wZXJhdG9yIjoiT1IifV0=&#8221; hover_enabled=&#8221;0&#8243; global_colors_info=&#8221;{}&#8221; sticky_enabled=&#8221;0&#8243;][\/et_pb_button][\/et_pb_column][\/et_pb_row][\/et_pb_section]<\/p>\n","protected":false},"excerpt":{"rendered":"<div id=\"wpmem_reg\"><a id=\"register\"><\/a><form name=\"form\" method=\"post\" action=\"https:\/\/citytourgame.com\/en\/registration\/\" id=\"wpmem_register_form\" class=\"form\"><input type=\"hidden\" id=\"_wpmem_register_nonce\" name=\"_wpmem_register_nonce\" value=\"a4d3f61f58\" \/><input type=\"hidden\" name=\"_wp_http_referer\" value=\"\/en\/wp-json\/wp\/v2\/pages\/242051\" \/><fieldset><legend>New User Registration<\/legend><label for=\"username\" class=\"text\">Pseudo<span class=\"req\">*<\/span><\/label><div class=\"div_text\"><input name=\"username\" type=\"text\" id=\"username\" value=\"\" class=\"textbox\" required  \/><\/div><label for=\"first_name\" class=\"text\">First Name<\/label><div class=\"div_text\"><input name=\"first_name\" type=\"text\" id=\"first_name\" value=\"\" class=\"textbox\" \/><\/div><label for=\"user_email\" class=\"text\">Email<span class=\"req\">*<\/span><\/label><div class=\"div_text\"><input name=\"user_email\" type=\"email\" id=\"user_email\" value=\"\" class=\"textbox\" required  \/><\/div><label for=\"billing_city\" class=\"text\">City<\/label><div class=\"div_text\"><input name=\"billing_city\" type=\"text\" id=\"billing_city\" value=\"\" class=\"textbox\" \/><\/div><label for=\"billing_country\" class=\"text\">Country<span class=\"req\">*<\/span><\/label><div class=\"div_text\"><input name=\"billing_country\" type=\"text\" id=\"billing_country\" value=\"\" class=\"textbox\" required  \/><\/div><label for=\"billing_phone\" class=\"text\">Day Phone<\/label><div class=\"div_text\"><input name=\"billing_phone\" type=\"text\" id=\"billing_phone\" value=\"\" class=\"textbox\" \/><\/div><label for=\"password\" class=\"text\">Password<span class=\"req\">*<\/span><\/label><div class=\"div_text\"><input name=\"password\" type=\"password\" id=\"password\" class=\"textbox\" required  \/><\/div><label for=\"confirm_password\" class=\"text\">Confirm Password<span class=\"req\">*<\/span><\/label><div class=\"div_text\"><input name=\"confirm_password\" type=\"password\" id=\"confirm_password\" class=\"textbox\" required  \/><\/div><div class=\"div_text\"><input name=\"tos\" type=\"checkbox\" id=\"tos\" value=\"agree\" required  \/> <a href=\"#\" onClick=\"window.open('\/en\/wp-json\/wp\/v2\/pages\/242051?tos=display','tos');\">J'accepte les conditions g\u00e9n\u00e9rales et la d\u00e9claration de confidentialit\u00e9<\/a><span class=\"req\">*<\/span><\/div><script src=\"https:\/\/www.google.com\/recaptcha\/api.js?render=6Leg1vYpAAAAAFRwl4HAOjpq36BUUTF1Kha_H1YW\"><\/script><script>grecaptcha.ready(function () {grecaptcha.execute('6Leg1vYpAAAAAFRwl4HAOjpq36BUUTF1Kha_H1YW', { action: 'contact' }).then(function (token) {var recaptchaResponse = document.getElementById('recaptchaResponse');recaptchaResponse.value = token;});});<\/script><input type=\"hidden\" name=\"recaptcha_response\" id=\"recaptchaResponse\"><input name=\"a\" type=\"hidden\" value=\"register\" \/><input name=\"wpmem_reg_page\" type=\"hidden\" value=\"https:\/\/citytourgame.com\/en\/registration\/\" \/><div class=\"button_div\"><input name=\"submit\" type=\"submit\" value=\"Register\" class=\"buttons\" \/><\/div><div class=\"req-text\"><span class=\"req\">*<\/span>Required field<\/div><\/fieldset><\/form><\/div>\n","protected":false},"author":9,"featured_media":0,"parent":0,"menu_order":0,"comment_status":"closed","ping_status":"closed","template":"","meta":{"_et_pb_use_builder":"on","_et_pb_old_content":"","_et_gb_content_width":"","footnotes":""},"class_list":["post-242051","page","type-page","status-publish","hentry"],"yoast_head":"<!-- This site is optimized with the Yoast SEO plugin v27.4 - https:\/\/yoast.com\/product\/yoast-seo-wordpress\/ -->\n<title>inscription - Citytourgame<\/title>\n<meta name=\"robots\" content=\"index, follow, max-snippet:-1, max-image-preview:large, max-video-preview:-1\" \/>\n<link rel=\"canonical\" href=\"https:\/\/citytourgame.com\/en\/registration\/\" \/>\n<meta property=\"og:locale\" content=\"en_US\" \/>\n<meta property=\"og:type\" content=\"article\" \/>\n<meta property=\"og:title\" content=\"inscription - Citytourgame\" \/>\n<meta property=\"og:url\" content=\"https:\/\/citytourgame.com\/en\/registration\/\" \/>\n<meta property=\"og:site_name\" content=\"Citytourgame\" \/>\n<meta property=\"article:modified_time\" content=\"2025-03-10T18:50:17+00:00\" \/>\n<meta name=\"twitter:card\" content=\"summary_large_image\" \/>\n<meta name=\"twitter:description\" content=\"[wpmem_form register]\" \/>\n<meta name=\"twitter:label1\" content=\"Est. reading time\" \/>\n\t<meta name=\"twitter:data1\" content=\"1 minute\" \/>\n<script type=\"application\/ld+json\" class=\"yoast-schema-graph\">{\"@context\":\"https:\\\/\\\/schema.org\",\"@graph\":[{\"@type\":\"WebPage\",\"@id\":\"https:\\\/\\\/citytourgame.com\\\/en\\\/registration\\\/\",\"url\":\"https:\\\/\\\/citytourgame.com\\\/en\\\/registration\\\/\",\"name\":\"inscription - Citytourgame\",\"isPartOf\":{\"@id\":\"https:\\\/\\\/citytourgame.com\\\/#website\"},\"datePublished\":\"2024-07-24T18:10:45+00:00\",\"dateModified\":\"2025-03-10T18:50:17+00:00\",\"breadcrumb\":{\"@id\":\"https:\\\/\\\/citytourgame.com\\\/en\\\/registration\\\/#breadcrumb\"},\"inLanguage\":\"en-US\",\"potentialAction\":[{\"@type\":\"ReadAction\",\"target\":[\"https:\\\/\\\/citytourgame.com\\\/en\\\/registration\\\/\"]}]},{\"@type\":\"BreadcrumbList\",\"@id\":\"https:\\\/\\\/citytourgame.com\\\/en\\\/registration\\\/#breadcrumb\",\"itemListElement\":[{\"@type\":\"ListItem\",\"position\":1,\"name\":\"Accueil\",\"item\":\"https:\\\/\\\/citytourgame.com\\\/en\\\/\"},{\"@type\":\"ListItem\",\"position\":2,\"name\":\"inscription\"}]},{\"@type\":\"WebSite\",\"@id\":\"https:\\\/\\\/citytourgame.com\\\/#website\",\"url\":\"https:\\\/\\\/citytourgame.com\\\/\",\"name\":\"Citytourgame\",\"description\":\"\",\"potentialAction\":[{\"@type\":\"SearchAction\",\"target\":{\"@type\":\"EntryPoint\",\"urlTemplate\":\"https:\\\/\\\/citytourgame.com\\\/?s={search_term_string}\"},\"query-input\":{\"@type\":\"PropertyValueSpecification\",\"valueRequired\":true,\"valueName\":\"search_term_string\"}}],\"inLanguage\":\"en-US\"}]}<\/script>\n<!-- \/ Yoast SEO plugin. -->","yoast_head_json":{"title":"inscription - Citytourgame","robots":{"index":"index","follow":"follow","max-snippet":"max-snippet:-1","max-image-preview":"max-image-preview:large","max-video-preview":"max-video-preview:-1"},"canonical":"https:\/\/citytourgame.com\/en\/registration\/","og_locale":"en_US","og_type":"article","og_title":"inscription - Citytourgame","og_url":"https:\/\/citytourgame.com\/en\/registration\/","og_site_name":"Citytourgame","article_modified_time":"2025-03-10T18:50:17+00:00","twitter_card":"summary_large_image","twitter_description":"[wpmem_form register]","twitter_misc":{"Est. reading time":"1 minute"},"schema":{"@context":"https:\/\/schema.org","@graph":[{"@type":"WebPage","@id":"https:\/\/citytourgame.com\/en\/registration\/","url":"https:\/\/citytourgame.com\/en\/registration\/","name":"inscription - Citytourgame","isPartOf":{"@id":"https:\/\/citytourgame.com\/#website"},"datePublished":"2024-07-24T18:10:45+00:00","dateModified":"2025-03-10T18:50:17+00:00","breadcrumb":{"@id":"https:\/\/citytourgame.com\/en\/registration\/#breadcrumb"},"inLanguage":"en-US","potentialAction":[{"@type":"ReadAction","target":["https:\/\/citytourgame.com\/en\/registration\/"]}]},{"@type":"BreadcrumbList","@id":"https:\/\/citytourgame.com\/en\/registration\/#breadcrumb","itemListElement":[{"@type":"ListItem","position":1,"name":"Accueil","item":"https:\/\/citytourgame.com\/en\/"},{"@type":"ListItem","position":2,"name":"inscription"}]},{"@type":"WebSite","@id":"https:\/\/citytourgame.com\/#website","url":"https:\/\/citytourgame.com\/","name":"Citytourgame","description":"","potentialAction":[{"@type":"SearchAction","target":{"@type":"EntryPoint","urlTemplate":"https:\/\/citytourgame.com\/?s={search_term_string}"},"query-input":{"@type":"PropertyValueSpecification","valueRequired":true,"valueName":"search_term_string"}}],"inLanguage":"en-US"}]}},"_links":{"self":[{"href":"https:\/\/citytourgame.com\/en\/wp-json\/wp\/v2\/pages\/242051","targetHints":{"allow":["GET"]}}],"collection":[{"href":"https:\/\/citytourgame.com\/en\/wp-json\/wp\/v2\/pages"}],"about":[{"href":"https:\/\/citytourgame.com\/en\/wp-json\/wp\/v2\/types\/page"}],"author":[{"embeddable":true,"href":"https:\/\/citytourgame.com\/en\/wp-json\/wp\/v2\/users\/9"}],"replies":[{"embeddable":true,"href":"https:\/\/citytourgame.com\/en\/wp-json\/wp\/v2\/comments?post=242051"}],"version-history":[{"count":6,"href":"https:\/\/citytourgame.com\/en\/wp-json\/wp\/v2\/pages\/242051\/revisions"}],"predecessor-version":[{"id":242483,"href":"https:\/\/citytourgame.com\/en\/wp-json\/wp\/v2\/pages\/242051\/revisions\/242483"}],"wp:attachment":[{"href":"https:\/\/citytourgame.com\/en\/wp-json\/wp\/v2\/media?parent=242051"}],"curies":[{"name":"wp","href":"https:\/\/api.w.org\/{rel}","templated":true}]}}