{"id":242331,"date":"2024-11-12T17:26:29","date_gmt":"2024-11-12T17:26:29","guid":{"rendered":"https:\/\/citytourgame.com\/?page_id=242331"},"modified":"2025-04-29T12:16:11","modified_gmt":"2025-04-29T12:16:11","slug":"les-medias-en-parlent","status":"publish","type":"page","link":"https:\/\/citytourgame.com\/en\/les-medias-en-parlent\/","title":{"rendered":"LES MEDIAS EN PARLENT"},"content":{"rendered":"<p>[et_pb_section fb_built=&#8221;1&#8243; _builder_version=&#8221;4.27.0&#8243; _module_preset=&#8221;default&#8221; global_colors_info=&#8221;{}&#8221;][et_pb_row _builder_version=&#8221;4.27.0&#8243; _module_preset=&#8221;default&#8221; global_colors_info=&#8221;{}&#8221;][et_pb_column type=&#8221;4_4&#8243; _builder_version=&#8221;4.27.0&#8243; _module_preset=&#8221;default&#8221; global_colors_info=&#8221;{}&#8221;][et_pb_heading title=&#8221;LES MEDIAS EN PARLENT &#8221; _builder_version=&#8221;4.27.0&#8243; _module_preset=&#8221;default&#8221; title_font=&#8221;Permanent Marker||||||||&#8221; title_text_align=&#8221;center&#8221; title_text_color=&#8221;#002fa7&#8243; global_colors_info=&#8221;{}&#8221;][\/et_pb_heading][\/et_pb_column][\/et_pb_row][et_pb_row _builder_version=&#8221;4.27.0&#8243; _module_preset=&#8221;default&#8221; global_colors_info=&#8221;{}&#8221;][et_pb_column type=&#8221;4_4&#8243; _builder_version=&#8221;4.27.0&#8243; _module_preset=&#8221;default&#8221; global_colors_info=&#8221;{}&#8221;][et_pb_text _builder_version=&#8221;4.27.4&#8243; _module_preset=&#8221;default&#8221; global_colors_info=&#8221;{}&#8221;]<\/p>\n<h1><strong>LE 16 AVRIL 2025 &#8211; EMISSION CA VA L&#8217;FAIRE SUR TV MONACO<\/strong><\/h1>\n<p><strong><\/strong><\/p>\n<h2><span style=\"color: #333399;\"><strong>Carine vous dit tout sur City Tour Game \u00e0 Nice<\/strong><\/span><\/h2>\n<p>[\/et_pb_text][\/et_pb_column][\/et_pb_row][et_pb_row column_structure=&#8221;1_2,1_2&#8243; _builder_version=&#8221;4.27.0&#8243; _module_preset=&#8221;default&#8221; global_colors_info=&#8221;{}&#8221;][et_pb_column type=&#8221;1_2&#8243; _builder_version=&#8221;4.27.0&#8243; _module_preset=&#8221;default&#8221; global_colors_info=&#8221;{}&#8221;][et_pb_text _builder_version=&#8221;4.27.0&#8243; _module_preset=&#8221;default&#8221; global_colors_info=&#8221;{}&#8221;]<\/p>\n<p data-start=\"171\" data-end=\"587\" class=\"\">Le 16 avril 2025, Carine De Reymaeker, fondatrice de City Tour Game, \u00e9tait l&#8217;invit\u00e9e de l&#8217;\u00e9mission <em data-start=\"307\" data-end=\"322\">\u00c7a va l&#8217;faire<\/em> sur TV Monaco pour pr\u00e9senter notre concept unique de jeu de piste connect\u00e9 et immersif \u00e0 Nice.<br data-start=\"417\" data-end=\"420\" \/>(Re)d\u00e9couvrez l&#8217;interview en replay pour en apprendre plus sur notre aventure, notre vision du tourisme ludique et \u00e9coresponsable, et les coulisses de City Tour Game !<\/p>\n<p data-start=\"589\" data-end=\"766\" class=\"\">\ud83c\udfa5 Visionner l&#8217;\u00e9mission ici \u27a1\ufe0f <a data-start=\"620\" data-end=\"766\" rel=\"noopener\" target=\"_new\" class=\"\" href=\"https:\/\/videos.tvmonaco.com\/content\/ca-va-lfaire-matinale-du-16-avril-2025-carine-de-reymaeker\">Replay TV Monaco &#8211; \u00c7a va l&#8217;faire &#8211; 16 avril 2025<\/a><\/p>\n<p data-start=\"768\" data-end=\"949\" class=\"\">#CityTourGame #TVMonaco #Cavalfaire #EmissionTV #Replay #TourismeLudique #JeuDePiste #Nice06 #D\u00e9couvrirNice #TourismeResponsable #StartupFran\u00e7aise #EscapeGameOutdoor #Id\u00e9eSortieNice<\/p>\n<p>&nbsp;<\/p>\n<p>&nbsp;<\/p>\n<p>&nbsp;<\/p>\n<p>[\/et_pb_text][\/et_pb_column][et_pb_column type=&#8221;1_2&#8243; _builder_version=&#8221;4.27.0&#8243; _module_preset=&#8221;default&#8221; global_colors_info=&#8221;{}&#8221;][et_pb_image src=&#8221;https:\/\/citytourgame.com\/wp-content\/uploads\/2025\/04\/photo-CVLF.jpg&#8221; title_text=&#8221;photo CVLF&#8221; url=&#8221;https:\/\/videos.tvmonaco.com\/content\/ca-va-lfaire-matinale-du-16-avril-2025-carine-de-reymaeker&#8221; _builder_version=&#8221;4.27.4&#8243; _module_preset=&#8221;default&#8221; global_colors_info=&#8221;{}&#8221;][\/et_pb_image][\/et_pb_column][\/et_pb_row][et_pb_row _builder_version=&#8221;4.27.0&#8243; _module_preset=&#8221;default&#8221; global_colors_info=&#8221;{}&#8221;][et_pb_column type=&#8221;4_4&#8243; _builder_version=&#8221;4.27.0&#8243; _module_preset=&#8221;default&#8221; global_colors_info=&#8221;{}&#8221;][et_pb_text _builder_version=&#8221;4.27.4&#8243; _module_preset=&#8221;default&#8221; global_colors_info=&#8221;{}&#8221;]<\/p>\n<h1><strong>LE 10 OCTOBRE 2024 &#8211; REPORTAGE FRANCE 3 NICE COTE D&#8217;AZUR<\/strong><\/h1>\n<h2><span style=\"color: #333399;\"><strong>Team Building du Personnel de l&#8217;h\u00f4tel Maison\u00a0 Albar Le Victoria 5*\u00a0<\/strong><\/span><\/h2>\n<p>[\/et_pb_text][\/et_pb_column][\/et_pb_row][et_pb_row column_structure=&#8221;1_2,1_2&#8243; _builder_version=&#8221;4.27.0&#8243; _module_preset=&#8221;default&#8221; global_colors_info=&#8221;{}&#8221;][et_pb_column type=&#8221;1_2&#8243; _builder_version=&#8221;4.27.0&#8243; _module_preset=&#8221;default&#8221; global_colors_info=&#8221;{}&#8221;][et_pb_text _builder_version=&#8221;4.27.0&#8243; _module_preset=&#8221;default&#8221; global_colors_info=&#8221;{}&#8221;]<\/p>\n<p><span class=\"yt-core-attributed-string--link-inherit-color\" dir=\"auto\">Apr\u00e8s les livres, les visites avec un guide ou les applis, voici le City Tour Game. Cette nouvelle fa\u00e7on de d\u00e9couvrir les villes comme Nice, m\u00e9lange aventure, culture et amusement. De mani\u00e8re ludique et autonome, accompagn\u00e9 d&#8217;un guide virtuel, vous allez \u00e0 la d\u00e9couverte de 10 sites touristiques de la capitale azur\u00e9enne.<\/span><\/p>\n<p><span class=\"yt-core-attributed-string--link-inherit-color\" dir=\"auto\"> <\/span><span class=\"yt-core-attributed-string--link-inherit-color\" dir=\"auto\"><a class=\"yt-core-attributed-string__link yt-core-attributed-string__link--call-to-action-color\" href=\"https:\/\/www.youtube.com\/hashtag\/tourisme\" target=\"\" force-new-state=\"true\" rel=\"noopener\" tabindex=\"0\">#tourisme<\/a><\/span><span class=\"yt-core-attributed-string--link-inherit-color\" dir=\"auto\"> <\/span><span class=\"yt-core-attributed-string--link-inherit-color\" dir=\"auto\"><a class=\"yt-core-attributed-string__link yt-core-attributed-string__link--call-to-action-color\" href=\"https:\/\/www.youtube.com\/hashtag\/cotedazur\" target=\"\" force-new-state=\"true\" rel=\"noopener\" tabindex=\"0\">#cotedazur<\/a><\/span><span class=\"yt-core-attributed-string--link-inherit-color\" dir=\"auto\"> <\/span><span class=\"yt-core-attributed-string--link-inherit-color\" dir=\"auto\"><a class=\"yt-core-attributed-string__link yt-core-attributed-string__link--call-to-action-color\" href=\"https:\/\/www.youtube.com\/hashtag\/vacances\" target=\"\" force-new-state=\"true\" rel=\"noopener\" tabindex=\"0\">#vacances<\/a><\/span><span class=\"yt-core-attributed-string--link-inherit-color\" dir=\"auto\"> <\/span><span class=\"yt-core-attributed-string--link-inherit-color\" dir=\"auto\"><a class=\"yt-core-attributed-string__link yt-core-attributed-string__link--call-to-action-color\" href=\"https:\/\/www.youtube.com\/hashtag\/alpesmaritimes\" target=\"\" force-new-state=\"true\" rel=\"noopener\" tabindex=\"0\">#alpesmaritimes<\/a><\/span><span class=\"yt-core-attributed-string--link-inherit-color\" dir=\"auto\"> <\/span><span class=\"yt-core-attributed-string--link-inherit-color\" dir=\"auto\"><a class=\"yt-core-attributed-string__link yt-core-attributed-string__link--call-to-action-color\" href=\"https:\/\/www.youtube.com\/hashtag\/nice06\" target=\"\" force-new-state=\"true\" rel=\"noopener\" tabindex=\"0\">#Nice06<\/a><\/span><span class=\"yt-core-attributed-string--link-inherit-color\" dir=\"auto\"> <\/span><\/p>\n<p>[\/et_pb_text][\/et_pb_column][et_pb_column type=&#8221;1_2&#8243; _builder_version=&#8221;4.27.0&#8243; _module_preset=&#8221;default&#8221; global_colors_info=&#8221;{}&#8221;][et_pb_image src=&#8221;https:\/\/citytourgame.com\/wp-content\/uploads\/2024\/11\/REPORTAGE-FR3.png&#8221; title_text=&#8221;REPORTAGE FR3&#8243; url=&#8221;https:\/\/www.youtube.com\/watch?v=AyGPQilbWqA&#038;list=PLRgNIbJMwlAmx_uHgRJtow65TV4ksOFw6&#038;index=5&#8243; _builder_version=&#8221;4.27.0&#8243; _module_preset=&#8221;default&#8221; global_colors_info=&#8221;{}&#8221;][\/et_pb_image][\/et_pb_column][\/et_pb_row][et_pb_row _builder_version=&#8221;4.27.0&#8243; _module_preset=&#8221;default&#8221; custom_padding=&#8221;||11px|||&#8221; global_colors_info=&#8221;{}&#8221;][et_pb_column type=&#8221;4_4&#8243; _builder_version=&#8221;4.27.0&#8243; _module_preset=&#8221;default&#8221; global_colors_info=&#8221;{}&#8221;][et_pb_text _builder_version=&#8221;4.27.4&#8243; _module_preset=&#8221;default&#8221; custom_padding=&#8221;||4px|||&#8221; hover_enabled=&#8221;0&#8243; global_colors_info=&#8221;{}&#8221; sticky_enabled=&#8221;0&#8243;]<\/p>\n<h1><strong>LE 10 OCTOBRE 2024 &#8211; LINKEDIN<\/strong><\/h1>\n<h2><span style=\"color: #000080;\"><strong>Team Building des membres du r\u00e9seau Initiative Nice C\u00f4te d&#8217;Azur<\/strong><\/span><\/h2>\n<p>[\/et_pb_text][\/et_pb_column][\/et_pb_row][et_pb_row _builder_version=&#8221;4.27.0&#8243; _module_preset=&#8221;default&#8221; global_colors_info=&#8221;{}&#8221;][et_pb_column type=&#8221;4_4&#8243; _builder_version=&#8221;4.27.0&#8243; _module_preset=&#8221;default&#8221; global_colors_info=&#8221;{}&#8221;][et_pb_image src=&#8221;https:\/\/citytourgame.com\/wp-content\/uploads\/2024\/11\/INCA-TEAM-BUILDING.png&#8221; title_text=&#8221;INCA TEAM BUILDING&#8221; _builder_version=&#8221;4.27.0&#8243; _module_preset=&#8221;default&#8221; custom_padding=&#8221;|369px||||&#8221; global_colors_info=&#8221;{}&#8221;][\/et_pb_image][\/et_pb_column][\/et_pb_row][et_pb_row _builder_version=&#8221;4.27.0&#8243; _module_preset=&#8221;default&#8221; custom_padding=&#8221;||11px|||&#8221; global_colors_info=&#8221;{}&#8221;][et_pb_column type=&#8221;4_4&#8243; _builder_version=&#8221;4.27.0&#8243; _module_preset=&#8221;default&#8221; global_colors_info=&#8221;{}&#8221;][et_pb_text _builder_version=&#8221;4.27.4&#8243; _module_preset=&#8221;default&#8221; custom_padding=&#8221;||4px|||&#8221; hover_enabled=&#8221;0&#8243; global_colors_info=&#8221;{}&#8221; sticky_enabled=&#8221;0&#8243;]<\/p>\n<h1><strong>LE 6 SEPTEMBRE 2024 &#8211; TRIBUNE C\u00d4TE D&#8217;AZUR<\/strong><\/h1>\n<p>[\/et_pb_text][\/et_pb_column][\/et_pb_row][et_pb_row _builder_version=&#8221;4.27.0&#8243; _module_preset=&#8221;default&#8221; custom_padding=&#8221;|367px||||&#8221; global_colors_info=&#8221;{}&#8221;][et_pb_column type=&#8221;4_4&#8243; _builder_version=&#8221;4.27.0&#8243; _module_preset=&#8221;default&#8221; global_colors_info=&#8221;{}&#8221;][et_pb_image src=&#8221;https:\/\/citytourgame.com\/wp-content\/uploads\/2024\/11\/article-Tribune.jpg&#8221; title_text=&#8221;article Tribune&#8221; _builder_version=&#8221;4.27.0&#8243; _module_preset=&#8221;default&#8221; global_colors_info=&#8221;{}&#8221;][\/et_pb_image][\/et_pb_column][\/et_pb_row][et_pb_row _builder_version=&#8221;4.27.0&#8243; _module_preset=&#8221;default&#8221; custom_padding=&#8221;||11px|||&#8221; global_colors_info=&#8221;{}&#8221;][et_pb_column type=&#8221;4_4&#8243; _builder_version=&#8221;4.27.0&#8243; _module_preset=&#8221;default&#8221; global_colors_info=&#8221;{}&#8221;][et_pb_text _builder_version=&#8221;4.27.4&#8243; _module_preset=&#8221;default&#8221; custom_padding=&#8221;||4px|||&#8221; hover_enabled=&#8221;0&#8243; global_colors_info=&#8221;{}&#8221; sticky_enabled=&#8221;0&#8243;]<\/p>\n<h1><strong>LE 13 AOUT 2024 &#8211; PODCAST SUR FRANCE BLEU<\/strong><\/h1>\n<p>[\/et_pb_text][\/et_pb_column][\/et_pb_row][et_pb_row column_structure=&#8221;1_2,1_2&#8243; _builder_version=&#8221;4.27.0&#8243; _module_preset=&#8221;default&#8221; global_colors_info=&#8221;{}&#8221;][et_pb_column type=&#8221;1_2&#8243; _builder_version=&#8221;4.27.0&#8243; _module_preset=&#8221;default&#8221; global_colors_info=&#8221;{}&#8221;][et_pb_image src=&#8221;https:\/\/citytourgame.com\/wp-content\/uploads\/2024\/11\/BOUTON-FRN.png&#8221; title_text=&#8221;BOUTON FRN&#8221; url=&#8221;https:\/\/www.francebleu.fr\/emissions\/ici-on-parle-d-ici\/ecoutez-decouvrez-nice-autrement-avec-le-city-tour-game-une-exploration-ludique-et-culturelle-2481837&#8243; _builder_version=&#8221;4.27.0&#8243; _module_preset=&#8221;default&#8221; global_colors_info=&#8221;{}&#8221;][\/et_pb_image][\/et_pb_column][et_pb_column type=&#8221;1_2&#8243; _builder_version=&#8221;4.27.0&#8243; _module_preset=&#8221;default&#8221; global_colors_info=&#8221;{}&#8221;][et_pb_image src=&#8221;https:\/\/citytourgame.com\/wp-content\/uploads\/2024\/11\/ARTICLE-FRANCE-BLEU.png&#8221; title_text=&#8221;ARTICLE FRANCE BLEU&#8221; _builder_version=&#8221;4.27.0&#8243; _module_preset=&#8221;default&#8221; global_colors_info=&#8221;{}&#8221;][\/et_pb_image][\/et_pb_column][\/et_pb_row][et_pb_row _builder_version=&#8221;4.27.0&#8243; _module_preset=&#8221;default&#8221; custom_padding=&#8221;0px||11px|||&#8221; global_colors_info=&#8221;{}&#8221;][et_pb_column type=&#8221;4_4&#8243; _builder_version=&#8221;4.27.0&#8243; _module_preset=&#8221;default&#8221; global_colors_info=&#8221;{}&#8221;][et_pb_text _builder_version=&#8221;4.27.4&#8243; _module_preset=&#8221;default&#8221; custom_padding=&#8221;||4px|||&#8221; hover_enabled=&#8221;0&#8243; global_colors_info=&#8221;{}&#8221; sticky_enabled=&#8221;0&#8243;]<\/p>\n<h1><strong>LE 13 FEVRIER 2024 &#8211; LINKEDIN<\/strong><\/h1>\n<h2><span style=\"color: #000080;\"><strong>Laur\u00e9ate du Concours de Pitch OSE de la CCI<\/strong><\/span><\/h2>\n<p>[\/et_pb_text][\/et_pb_column][\/et_pb_row][et_pb_row _builder_version=&#8221;4.27.0&#8243; _module_preset=&#8221;default&#8221; global_colors_info=&#8221;{}&#8221;][et_pb_column type=&#8221;4_4&#8243; _builder_version=&#8221;4.27.0&#8243; _module_preset=&#8221;default&#8221; global_colors_info=&#8221;{}&#8221;][et_pb_image src=&#8221;https:\/\/citytourgame.com\/wp-content\/uploads\/2024\/11\/LINKEDIN-CCI.png&#8221; title_text=&#8221;LINKEDIN CCI&#8221; _builder_version=&#8221;4.27.0&#8243; _module_preset=&#8221;default&#8221; custom_padding=&#8221;|226px||||&#8221; global_colors_info=&#8221;{}&#8221;][\/et_pb_image][\/et_pb_column][\/et_pb_row][et_pb_row _builder_version=&#8221;4.27.0&#8243; _module_preset=&#8221;default&#8221; custom_padding=&#8221;0px||11px|||&#8221; global_colors_info=&#8221;{}&#8221;][et_pb_column type=&#8221;4_4&#8243; _builder_version=&#8221;4.27.0&#8243; _module_preset=&#8221;default&#8221; global_colors_info=&#8221;{}&#8221;][et_pb_text _builder_version=&#8221;4.27.4&#8243; _module_preset=&#8221;default&#8221; custom_padding=&#8221;||4px|||&#8221; hover_enabled=&#8221;0&#8243; global_colors_info=&#8221;{}&#8221; sticky_enabled=&#8221;0&#8243;]<\/p>\n<h1><strong>LE 23 JANVIER 2024 &#8211; LINKEDIN<\/strong><\/h1>\n<h2><span style=\"color: #000080;\"><strong>Laureate du Prix du Rotary Club de Nice\u00a0<\/strong><\/span><\/h2>\n<p>[\/et_pb_text][\/et_pb_column][\/et_pb_row][et_pb_row _builder_version=&#8221;4.27.0&#8243; _module_preset=&#8221;default&#8221; custom_padding=&#8221;|300px||||&#8221; global_colors_info=&#8221;{}&#8221;][et_pb_column type=&#8221;4_4&#8243; _builder_version=&#8221;4.27.0&#8243; _module_preset=&#8221;default&#8221; global_colors_info=&#8221;{}&#8221;][et_pb_image src=&#8221;https:\/\/citytourgame.com\/wp-content\/uploads\/2024\/11\/LINKEDIN-ROTARY.png&#8221; title_text=&#8221;LINKEDIN ROTARY&#8221; _builder_version=&#8221;4.27.0&#8243; _module_preset=&#8221;default&#8221; global_colors_info=&#8221;{}&#8221;][\/et_pb_image][\/et_pb_column][\/et_pb_row][et_pb_row _builder_version=&#8221;4.27.0&#8243; _module_preset=&#8221;default&#8221; custom_padding=&#8221;||11px|||&#8221; global_colors_info=&#8221;{}&#8221;][et_pb_column type=&#8221;4_4&#8243; _builder_version=&#8221;4.27.0&#8243; _module_preset=&#8221;default&#8221; global_colors_info=&#8221;{}&#8221;][et_pb_text _builder_version=&#8221;4.27.4&#8243; _module_preset=&#8221;default&#8221; custom_padding=&#8221;||4px|||&#8221; hover_enabled=&#8221;0&#8243; global_colors_info=&#8221;{}&#8221; sticky_enabled=&#8221;0&#8243;]<\/p>\n<h1><strong>LE 7 NOVEMBRE 2023 &#8211; LINKEDIN<\/strong><\/h1>\n<h2><span style=\"color: #000080;\"><strong>1\u00e8re laur\u00e9ate de la fili\u00e8re <em>Impact<\/em> du R\u00e9seau Initiative Nice C\u00f4te d&#8217;Azur<\/strong><\/span><\/h2>\n<p>[\/et_pb_text][\/et_pb_column][\/et_pb_row][et_pb_row _builder_version=&#8221;4.27.0&#8243; _module_preset=&#8221;default&#8221; global_colors_info=&#8221;{}&#8221;][et_pb_column type=&#8221;4_4&#8243; _builder_version=&#8221;4.27.0&#8243; _module_preset=&#8221;default&#8221; global_colors_info=&#8221;{}&#8221;][et_pb_image src=&#8221;https:\/\/citytourgame.com\/wp-content\/uploads\/2024\/11\/LINKEDIN-INITIATIVE-NCA.png&#8221; title_text=&#8221;LINKEDIN INITIATIVE NCA&#8221; _builder_version=&#8221;4.27.0&#8243; _module_preset=&#8221;default&#8221; global_colors_info=&#8221;{}&#8221;][\/et_pb_image][\/et_pb_column][\/et_pb_row][et_pb_row _builder_version=&#8221;4.27.0&#8243; _module_preset=&#8221;default&#8221; custom_padding=&#8221;||11px|||&#8221; global_colors_info=&#8221;{}&#8221;][et_pb_column type=&#8221;4_4&#8243; _builder_version=&#8221;4.27.0&#8243; _module_preset=&#8221;default&#8221; global_colors_info=&#8221;{}&#8221;][et_pb_text _builder_version=&#8221;4.27.4&#8243; _module_preset=&#8221;default&#8221; custom_padding=&#8221;||4px|||&#8221; hover_enabled=&#8221;0&#8243; global_colors_info=&#8221;{}&#8221; sticky_enabled=&#8221;0&#8243;]<\/p>\n<h1><strong>LE 3 NOVEMBRE 2023 &#8211; TRIBUNE C\u00d4TE D&#8217;AZUR\u00a0<\/strong><\/h1>\n<p>[\/et_pb_text][\/et_pb_column][\/et_pb_row][et_pb_row _builder_version=&#8221;4.27.0&#8243; _module_preset=&#8221;default&#8221; global_colors_info=&#8221;{}&#8221; custom_padding=&#8221;0px|423px||||&#8221;][et_pb_column type=&#8221;4_4&#8243; _builder_version=&#8221;4.27.0&#8243; _module_preset=&#8221;default&#8221; global_colors_info=&#8221;{}&#8221;][et_pb_image src=&#8221;https:\/\/citytourgame.com\/wp-content\/uploads\/2024\/11\/TRIBUNE-2023-1.png&#8221; title_text=&#8221;TRIBUNE 2023&#8243; _builder_version=&#8221;4.27.0&#8243; _module_preset=&#8221;default&#8221; global_colors_info=&#8221;{}&#8221; min_height=&#8221;796px&#8221; width=&#8221;93.2%&#8221;][\/et_pb_image][\/et_pb_column][\/et_pb_row][\/et_pb_section]<\/p>\n","protected":false},"excerpt":{"rendered":"<p>LE 16 AVRIL 2025 &#8211; EMISSION CA VA L&#8217;FAIRE SUR TV MONACO Carine vous dit tout sur City Tour Game \u00e0 NiceLe 16 avril 2025, Carine De Reymaeker, fondatrice de City Tour Game, \u00e9tait l&#8217;invit\u00e9e de l&#8217;\u00e9mission \u00c7a va l&#8217;faire sur TV Monaco pour pr\u00e9senter notre concept unique de jeu de piste connect\u00e9 et immersif [&hellip;]<\/p>\n","protected":false},"author":14,"featured_media":0,"parent":0,"menu_order":0,"comment_status":"closed","ping_status":"closed","template":"","meta":{"_et_pb_use_builder":"on","_et_pb_old_content":"","_et_gb_content_width":"","footnotes":""},"class_list":["post-242331","page","type-page","status-publish","hentry"],"yoast_head":"<!-- This site is optimized with the Yoast SEO plugin v27.4 - https:\/\/yoast.com\/product\/yoast-seo-wordpress\/ -->\n<title>LES MEDIAS EN PARLENT - Citytourgame<\/title>\n<meta name=\"robots\" content=\"index, follow, max-snippet:-1, max-image-preview:large, max-video-preview:-1\" \/>\n<link rel=\"canonical\" href=\"https:\/\/citytourgame.com\/les-medias-en-parlent\/\" \/>\n<meta property=\"og:locale\" content=\"en_US\" \/>\n<meta property=\"og:type\" content=\"article\" \/>\n<meta property=\"og:title\" content=\"LES MEDIAS EN PARLENT - Citytourgame\" \/>\n<meta property=\"og:description\" content=\"LE 16 AVRIL 2025 - EMISSION CA VA L&#039;FAIRE SUR TV MONACO Carine vous dit tout sur City Tour Game \u00e0 NiceLe 16 avril 2025, Carine De Reymaeker, fondatrice de City Tour Game, \u00e9tait l&#039;invit\u00e9e de l&#039;\u00e9mission \u00c7a va l&#039;faire sur TV Monaco pour pr\u00e9senter notre concept unique de jeu de piste connect\u00e9 et immersif [&hellip;]\" \/>\n<meta property=\"og:url\" content=\"https:\/\/citytourgame.com\/les-medias-en-parlent\/\" \/>\n<meta property=\"og:site_name\" content=\"Citytourgame\" \/>\n<meta property=\"article:modified_time\" content=\"2025-04-29T12:16:11+00:00\" \/>\n<meta name=\"twitter:card\" content=\"summary_large_image\" \/>\n<meta name=\"twitter:label1\" content=\"Est. reading time\" \/>\n\t<meta name=\"twitter:data1\" content=\"7 minutes\" \/>\n<script type=\"application\/ld+json\" class=\"yoast-schema-graph\">{\"@context\":\"https:\\\/\\\/schema.org\",\"@graph\":[{\"@type\":\"WebPage\",\"@id\":\"https:\\\/\\\/citytourgame.com\\\/les-medias-en-parlent\\\/\",\"url\":\"https:\\\/\\\/citytourgame.com\\\/les-medias-en-parlent\\\/\",\"name\":\"LES MEDIAS EN PARLENT - Citytourgame\",\"isPartOf\":{\"@id\":\"https:\\\/\\\/citytourgame.com\\\/#website\"},\"datePublished\":\"2024-11-12T17:26:29+00:00\",\"dateModified\":\"2025-04-29T12:16:11+00:00\",\"breadcrumb\":{\"@id\":\"https:\\\/\\\/citytourgame.com\\\/les-medias-en-parlent\\\/#breadcrumb\"},\"inLanguage\":\"en-US\",\"potentialAction\":[{\"@type\":\"ReadAction\",\"target\":[\"https:\\\/\\\/citytourgame.com\\\/les-medias-en-parlent\\\/\"]}]},{\"@type\":\"BreadcrumbList\",\"@id\":\"https:\\\/\\\/citytourgame.com\\\/les-medias-en-parlent\\\/#breadcrumb\",\"itemListElement\":[{\"@type\":\"ListItem\",\"position\":1,\"name\":\"Accueil\",\"item\":\"https:\\\/\\\/citytourgame.com\\\/en\\\/\"},{\"@type\":\"ListItem\",\"position\":2,\"name\":\"LES MEDIAS EN PARLENT\"}]},{\"@type\":\"WebSite\",\"@id\":\"https:\\\/\\\/citytourgame.com\\\/#website\",\"url\":\"https:\\\/\\\/citytourgame.com\\\/\",\"name\":\"Citytourgame\",\"description\":\"\",\"potentialAction\":[{\"@type\":\"SearchAction\",\"target\":{\"@type\":\"EntryPoint\",\"urlTemplate\":\"https:\\\/\\\/citytourgame.com\\\/?s={search_term_string}\"},\"query-input\":{\"@type\":\"PropertyValueSpecification\",\"valueRequired\":true,\"valueName\":\"search_term_string\"}}],\"inLanguage\":\"en-US\"}]}<\/script>\n<!-- \/ Yoast SEO plugin. -->","yoast_head_json":{"title":"LES MEDIAS EN PARLENT - Citytourgame","robots":{"index":"index","follow":"follow","max-snippet":"max-snippet:-1","max-image-preview":"max-image-preview:large","max-video-preview":"max-video-preview:-1"},"canonical":"https:\/\/citytourgame.com\/les-medias-en-parlent\/","og_locale":"en_US","og_type":"article","og_title":"LES MEDIAS EN PARLENT - Citytourgame","og_description":"LE 16 AVRIL 2025 - EMISSION CA VA L'FAIRE SUR TV MONACO Carine vous dit tout sur City Tour Game \u00e0 NiceLe 16 avril 2025, Carine De Reymaeker, fondatrice de City Tour Game, \u00e9tait l'invit\u00e9e de l'\u00e9mission \u00c7a va l'faire sur TV Monaco pour pr\u00e9senter notre concept unique de jeu de piste connect\u00e9 et immersif [&hellip;]","og_url":"https:\/\/citytourgame.com\/les-medias-en-parlent\/","og_site_name":"Citytourgame","article_modified_time":"2025-04-29T12:16:11+00:00","twitter_card":"summary_large_image","twitter_misc":{"Est. reading time":"7 minutes"},"schema":{"@context":"https:\/\/schema.org","@graph":[{"@type":"WebPage","@id":"https:\/\/citytourgame.com\/les-medias-en-parlent\/","url":"https:\/\/citytourgame.com\/les-medias-en-parlent\/","name":"LES MEDIAS EN PARLENT - Citytourgame","isPartOf":{"@id":"https:\/\/citytourgame.com\/#website"},"datePublished":"2024-11-12T17:26:29+00:00","dateModified":"2025-04-29T12:16:11+00:00","breadcrumb":{"@id":"https:\/\/citytourgame.com\/les-medias-en-parlent\/#breadcrumb"},"inLanguage":"en-US","potentialAction":[{"@type":"ReadAction","target":["https:\/\/citytourgame.com\/les-medias-en-parlent\/"]}]},{"@type":"BreadcrumbList","@id":"https:\/\/citytourgame.com\/les-medias-en-parlent\/#breadcrumb","itemListElement":[{"@type":"ListItem","position":1,"name":"Accueil","item":"https:\/\/citytourgame.com\/en\/"},{"@type":"ListItem","position":2,"name":"LES MEDIAS EN PARLENT"}]},{"@type":"WebSite","@id":"https:\/\/citytourgame.com\/#website","url":"https:\/\/citytourgame.com\/","name":"Citytourgame","description":"","potentialAction":[{"@type":"SearchAction","target":{"@type":"EntryPoint","urlTemplate":"https:\/\/citytourgame.com\/?s={search_term_string}"},"query-input":{"@type":"PropertyValueSpecification","valueRequired":true,"valueName":"search_term_string"}}],"inLanguage":"en-US"}]}},"_links":{"self":[{"href":"https:\/\/citytourgame.com\/en\/wp-json\/wp\/v2\/pages\/242331","targetHints":{"allow":["GET"]}}],"collection":[{"href":"https:\/\/citytourgame.com\/en\/wp-json\/wp\/v2\/pages"}],"about":[{"href":"https:\/\/citytourgame.com\/en\/wp-json\/wp\/v2\/types\/page"}],"author":[{"embeddable":true,"href":"https:\/\/citytourgame.com\/en\/wp-json\/wp\/v2\/users\/14"}],"replies":[{"embeddable":true,"href":"https:\/\/citytourgame.com\/en\/wp-json\/wp\/v2\/comments?post=242331"}],"version-history":[{"count":11,"href":"https:\/\/citytourgame.com\/en\/wp-json\/wp\/v2\/pages\/242331\/revisions"}],"predecessor-version":[{"id":242591,"href":"https:\/\/citytourgame.com\/en\/wp-json\/wp\/v2\/pages\/242331\/revisions\/242591"}],"wp:attachment":[{"href":"https:\/\/citytourgame.com\/en\/wp-json\/wp\/v2\/media?parent=242331"}],"curies":[{"name":"wp","href":"https:\/\/api.w.org\/{rel}","templated":true}]}}